
{"id":8304,"date":"2012-11-21T11:05:06","date_gmt":"2012-11-21T10:05:06","guid":{"rendered":"https:\/\/ies.solutions\/?page_id=8304&#038;langswitch_lang=it"},"modified":"2012-12-18T12:28:42","modified_gmt":"2012-12-18T11:28:42","slug":"sevex-en","status":"publish","type":"page","link":"https:\/\/ies.solutions\/en\/products\/environment\/products-industrial-risk\/sevex-en\/","title":{"rendered":"SEVEX"},"content":{"rendered":"<p><b>SEVEX View<\/b> is an advanced 3D complex terrain gas model. This state-of-art model is extraordinarily powerful, capable of providing realistic modeling of complex three dimensional emergency releases.<\/p>\n<p> <img decoding=\"async\" src=\"https:\/\/ies.solutions\/wordpress\/wp-content\/uploads\/sevex_overview.jpg\" alt=\"SEVEX View:  advanced 3D complex terrain gas model\" title=\"SEVEX View:  advanced 3D complex terrain gas model\" class=\"alignnone size-medium wp-image-3406\" \/><\/p>\n<p>SEVEX View is the result of a cooperation of Lakes Environmental Software, ATM-Pro, the Walloon Region of Belgium, the Facult\u00e9 Polytechnique de Mons, the Universit\u00e9 Catholique de Louvain, the Universit\u00e9 de Li\u00e8ge, and SOLVAY.<\/p>\n<p>SEVEX View is based on state-of-the-art modeling tools such as :<\/p>\n<ul>\n<li>Leakage rate, jet, rainout, pool evaporation, heavy dispersion<\/li>\n<li>Complex terrein &#8211; topography and land use<\/li>\n<li>3D meteorology &#038; 3D passive dispersion<\/li>\n<li>[U\/C]VCE &#038; BLEVE<\/li>\n<li>Explosives<\/li>\n<\/ul>\n<p>SEVEX View is a trademark of ATM-Pro and Lakes Environmental Software.<br \/>\n<img decoding=\"async\" src=\"https:\/\/ies.solutions\/wordpress\/wp-content\/uploads\/lakes_logo.jpg\" alt=\"Lakes Environmental\" title=\"Lakes Environmental\" \/><br \/>\nIES Solutions distributes <strong>Lakes Environmental products<\/strong><\/p>\n","protected":false},"excerpt":{"rendered":"<p>SEVEX View is an advanced 3D complex terrain gas model. This state-of-art model is extraordinarily powerful, capable of providing realistic [&hellip;]<\/p>\n","protected":false},"author":2,"featured_media":0,"parent":8298,"menu_order":0,"comment_status":"closed","ping_status":"closed","template":"","meta":{"_links_to":"","_links_to_target":""},"yoast_head":"<!-- This site is optimized with the Yoast SEO plugin v20.3 - https:\/\/yoast.com\/wordpress\/plugins\/seo\/ -->\n<title>SEVEX - IES Solutions<\/title>\n<meta name=\"description\" content=\"SEVEX View is an advanced 3D complex terrain gas model. This state-of-art model is extraordinarily powerful, capable of providing realistic modeling of\" \/>\n<meta name=\"robots\" content=\"index, follow, max-snippet:-1, max-image-preview:large, max-video-preview:-1\" \/>\n<link rel=\"canonical\" href=\"https:\/\/ies.solutions\/en\/products\/environment\/products-industrial-risk\/sevex-en\/\" \/>\n<meta property=\"og:locale\" content=\"en_US\" \/>\n<meta property=\"og:type\" content=\"article\" \/>\n<meta property=\"og:title\" content=\"SEVEX - IES Solutions\" \/>\n<meta property=\"og:description\" content=\"SEVEX View is an advanced 3D complex terrain gas model. This state-of-art model is extraordinarily powerful, capable of providing realistic modeling of\" \/>\n<meta property=\"og:url\" content=\"https:\/\/ies.solutions\/en\/products\/environment\/products-industrial-risk\/sevex-en\/\" \/>\n<meta property=\"og:site_name\" content=\"IES Solutions\" \/>\n<meta property=\"article:publisher\" content=\"https:\/\/www.facebook.com\/IESSolutions\" \/>\n<meta property=\"article:modified_time\" content=\"2012-12-18T11:28:42+00:00\" \/>\n<meta property=\"og:image\" content=\"https:\/\/ies.solutions\/wordpress\/wp-content\/uploads\/sevex_overview.jpg\" \/>\n<meta name=\"twitter:label1\" content=\"Est. reading time\" \/>\n\t<meta name=\"twitter:data1\" content=\"1 minute\" \/>\n<script type=\"application\/ld+json\" class=\"yoast-schema-graph\">{\"@context\":\"https:\/\/schema.org\",\"@graph\":[{\"@type\":\"WebPage\",\"@id\":\"https:\/\/ies.solutions\/en\/products\/environment\/products-industrial-risk\/sevex-en\/\",\"url\":\"https:\/\/ies.solutions\/en\/products\/environment\/products-industrial-risk\/sevex-en\/\",\"name\":\"SEVEX - IES Solutions\",\"isPartOf\":{\"@id\":\"https:\/\/ies.solutions\/en\/#website\"},\"datePublished\":\"2012-11-21T10:05:06+00:00\",\"dateModified\":\"2012-12-18T11:28:42+00:00\",\"description\":\"SEVEX View is an advanced 3D complex terrain gas model. This state-of-art model is extraordinarily powerful, capable of providing realistic modeling of\",\"breadcrumb\":{\"@id\":\"https:\/\/ies.solutions\/en\/products\/environment\/products-industrial-risk\/sevex-en\/#breadcrumb\"},\"inLanguage\":\"en-US\",\"potentialAction\":[{\"@type\":\"ReadAction\",\"target\":[\"https:\/\/ies.solutions\/en\/products\/environment\/products-industrial-risk\/sevex-en\/\"]}]},{\"@type\":\"BreadcrumbList\",\"@id\":\"https:\/\/ies.solutions\/en\/products\/environment\/products-industrial-risk\/sevex-en\/#breadcrumb\",\"itemListElement\":[{\"@type\":\"ListItem\",\"position\":1,\"name\":\"Home\",\"item\":\"https:\/\/ies.solutions\/en\/\"},{\"@type\":\"ListItem\",\"position\":2,\"name\":\"Products\",\"item\":\"https:\/\/ies.solutions\/en\/products\/\"},{\"@type\":\"ListItem\",\"position\":3,\"name\":\"Environment\",\"item\":\"https:\/\/ies.solutions\/en\/products\/environment\/\"},{\"@type\":\"ListItem\",\"position\":4,\"name\":\"Industrial Risk\",\"item\":\"https:\/\/ies.solutions\/en\/products\/environment\/products-industrial-risk\/\"},{\"@type\":\"ListItem\",\"position\":5,\"name\":\"SEVEX\"}]},{\"@type\":\"WebSite\",\"@id\":\"https:\/\/ies.solutions\/en\/#website\",\"url\":\"https:\/\/ies.solutions\/en\/\",\"name\":\"IES Solutions\",\"description\":\"Intelligence for Environment and Security\",\"publisher\":{\"@id\":\"https:\/\/ies.solutions\/en\/#organization\"},\"potentialAction\":[{\"@type\":\"SearchAction\",\"target\":{\"@type\":\"EntryPoint\",\"urlTemplate\":\"https:\/\/ies.solutions\/en\/?s={search_term_string}\"},\"query-input\":\"required name=search_term_string\"}],\"inLanguage\":\"en-US\"},{\"@type\":\"Organization\",\"@id\":\"https:\/\/ies.solutions\/en\/#organization\",\"name\":\"IES Solutions\",\"url\":\"https:\/\/ies.solutions\/en\/\",\"logo\":{\"@type\":\"ImageObject\",\"inLanguage\":\"en-US\",\"@id\":\"https:\/\/ies.solutions\/en\/#\/schema\/logo\/image\/\",\"url\":\"https:\/\/ies.solutions\/wordpress\/wp-content\/uploads\/02_IES.png\",\"contentUrl\":\"https:\/\/ies.solutions\/wordpress\/wp-content\/uploads\/02_IES.png\",\"width\":350,\"height\":150,\"caption\":\"IES Solutions\"},\"image\":{\"@id\":\"https:\/\/ies.solutions\/en\/#\/schema\/logo\/image\/\"},\"sameAs\":[\"https:\/\/www.facebook.com\/IESSolutions\",\"https:\/\/twitter.com\/iessolutions\",\"https:\/\/www.linkedin.com\/in\/ies-solutions-12a436189\/\"]}]}<\/script>\n<!-- \/ Yoast SEO plugin. -->","yoast_head_json":{"title":"SEVEX - IES Solutions","description":"SEVEX View is an advanced 3D complex terrain gas model. This state-of-art model is extraordinarily powerful, capable of providing realistic modeling of","robots":{"index":"index","follow":"follow","max-snippet":"max-snippet:-1","max-image-preview":"max-image-preview:large","max-video-preview":"max-video-preview:-1"},"canonical":"https:\/\/ies.solutions\/en\/products\/environment\/products-industrial-risk\/sevex-en\/","og_locale":"en_US","og_type":"article","og_title":"SEVEX - IES Solutions","og_description":"SEVEX View is an advanced 3D complex terrain gas model. This state-of-art model is extraordinarily powerful, capable of providing realistic modeling of","og_url":"https:\/\/ies.solutions\/en\/products\/environment\/products-industrial-risk\/sevex-en\/","og_site_name":"IES Solutions","article_publisher":"https:\/\/www.facebook.com\/IESSolutions","article_modified_time":"2012-12-18T11:28:42+00:00","og_image":[{"url":"https:\/\/ies.solutions\/wordpress\/wp-content\/uploads\/sevex_overview.jpg"}],"twitter_misc":{"Est. reading time":"1 minute"},"schema":{"@context":"https:\/\/schema.org","@graph":[{"@type":"WebPage","@id":"https:\/\/ies.solutions\/en\/products\/environment\/products-industrial-risk\/sevex-en\/","url":"https:\/\/ies.solutions\/en\/products\/environment\/products-industrial-risk\/sevex-en\/","name":"SEVEX - IES Solutions","isPartOf":{"@id":"https:\/\/ies.solutions\/en\/#website"},"datePublished":"2012-11-21T10:05:06+00:00","dateModified":"2012-12-18T11:28:42+00:00","description":"SEVEX View is an advanced 3D complex terrain gas model. This state-of-art model is extraordinarily powerful, capable of providing realistic modeling of","breadcrumb":{"@id":"https:\/\/ies.solutions\/en\/products\/environment\/products-industrial-risk\/sevex-en\/#breadcrumb"},"inLanguage":"en-US","potentialAction":[{"@type":"ReadAction","target":["https:\/\/ies.solutions\/en\/products\/environment\/products-industrial-risk\/sevex-en\/"]}]},{"@type":"BreadcrumbList","@id":"https:\/\/ies.solutions\/en\/products\/environment\/products-industrial-risk\/sevex-en\/#breadcrumb","itemListElement":[{"@type":"ListItem","position":1,"name":"Home","item":"https:\/\/ies.solutions\/en\/"},{"@type":"ListItem","position":2,"name":"Products","item":"https:\/\/ies.solutions\/en\/products\/"},{"@type":"ListItem","position":3,"name":"Environment","item":"https:\/\/ies.solutions\/en\/products\/environment\/"},{"@type":"ListItem","position":4,"name":"Industrial Risk","item":"https:\/\/ies.solutions\/en\/products\/environment\/products-industrial-risk\/"},{"@type":"ListItem","position":5,"name":"SEVEX"}]},{"@type":"WebSite","@id":"https:\/\/ies.solutions\/en\/#website","url":"https:\/\/ies.solutions\/en\/","name":"IES Solutions","description":"Intelligence for Environment and Security","publisher":{"@id":"https:\/\/ies.solutions\/en\/#organization"},"potentialAction":[{"@type":"SearchAction","target":{"@type":"EntryPoint","urlTemplate":"https:\/\/ies.solutions\/en\/?s={search_term_string}"},"query-input":"required name=search_term_string"}],"inLanguage":"en-US"},{"@type":"Organization","@id":"https:\/\/ies.solutions\/en\/#organization","name":"IES Solutions","url":"https:\/\/ies.solutions\/en\/","logo":{"@type":"ImageObject","inLanguage":"en-US","@id":"https:\/\/ies.solutions\/en\/#\/schema\/logo\/image\/","url":"https:\/\/ies.solutions\/wordpress\/wp-content\/uploads\/02_IES.png","contentUrl":"https:\/\/ies.solutions\/wordpress\/wp-content\/uploads\/02_IES.png","width":350,"height":150,"caption":"IES Solutions"},"image":{"@id":"https:\/\/ies.solutions\/en\/#\/schema\/logo\/image\/"},"sameAs":["https:\/\/www.facebook.com\/IESSolutions","https:\/\/twitter.com\/iessolutions","https:\/\/www.linkedin.com\/in\/ies-solutions-12a436189\/"]}]}},"_links":{"self":[{"href":"https:\/\/ies.solutions\/en\/wp-json\/wp\/v2\/pages\/8304"}],"collection":[{"href":"https:\/\/ies.solutions\/en\/wp-json\/wp\/v2\/pages"}],"about":[{"href":"https:\/\/ies.solutions\/en\/wp-json\/wp\/v2\/types\/page"}],"author":[{"embeddable":true,"href":"https:\/\/ies.solutions\/en\/wp-json\/wp\/v2\/users\/2"}],"replies":[{"embeddable":true,"href":"https:\/\/ies.solutions\/en\/wp-json\/wp\/v2\/comments?post=8304"}],"version-history":[{"count":4,"href":"https:\/\/ies.solutions\/en\/wp-json\/wp\/v2\/pages\/8304\/revisions"}],"predecessor-version":[{"id":9622,"href":"https:\/\/ies.solutions\/en\/wp-json\/wp\/v2\/pages\/8304\/revisions\/9622"}],"up":[{"embeddable":true,"href":"https:\/\/ies.solutions\/en\/wp-json\/wp\/v2\/pages\/8298"}],"wp:attachment":[{"href":"https:\/\/ies.solutions\/en\/wp-json\/wp\/v2\/media?parent=8304"}],"curies":[{"name":"wp","href":"https:\/\/api.w.org\/{rel}","templated":true}]}}